{"id":1009,"date":"2021-03-08T11:22:57","date_gmt":"2021-03-08T11:22:57","guid":{"rendered":"https:\/\/rekroot.themes.zone\/?page_id=1009"},"modified":"2022-08-23T12:36:26","modified_gmt":"2022-08-23T10:36:26","slug":"submit-company","status":"publish","type":"page","link":"https:\/\/seninterim.sn\/index.php\/submit-company\/","title":{"rendered":"Submit Company"},"content":{"rendered":"\t\t<div data-elementor-type=\"wp-page\" data-elementor-id=\"1009\" class=\"elementor elementor-1009\">\n\t\t\t\t\t\t<section class=\"elementor-section elementor-top-section elementor-element elementor-element-e585f1f elementor-section-boxed elementor-section-height-default elementor-section-height-default\" data-id=\"e585f1f\" data-element_type=\"section\">\n\t\t\t\t\t\t<div class=\"elementor-container elementor-column-gap-default\">\n\t\t\t\t\t<div class=\"elementor-column elementor-col-100 elementor-top-column elementor-element elementor-element-5cecf46\" data-id=\"5cecf46\" data-element_type=\"column\">\n\t\t\t<div class=\"elementor-widget-wrap elementor-element-populated\">\n\t\t\t\t\t\t<div class=\"elementor-element elementor-element-ea25a01 elementor-widget elementor-widget-heading\" data-id=\"ea25a01\" data-element_type=\"widget\" data-widget_type=\"heading.default\">\n\t\t\t\t<div class=\"elementor-widget-container\">\n\t\t\t<style>\/*! elementor - v3.19.0 - 07-02-2024 *\/\n.elementor-heading-title{padding:0;margin:0;line-height:1}.elementor-widget-heading .elementor-heading-title[class*=elementor-size-]>a{color:inherit;font-size:inherit;line-height:inherit}.elementor-widget-heading .elementor-heading-title.elementor-size-small{font-size:15px}.elementor-widget-heading .elementor-heading-title.elementor-size-medium{font-size:19px}.elementor-widget-heading .elementor-heading-title.elementor-size-large{font-size:29px}.elementor-widget-heading .elementor-heading-title.elementor-size-xl{font-size:39px}.elementor-widget-heading .elementor-heading-title.elementor-size-xxl{font-size:59px}<\/style><h2 class=\"elementor-heading-title elementor-size-default\">Remplissez le formulaire <\/h2>\t\t<\/div>\n\t\t\t\t<\/div>\n\t\t\t\t\t<\/div>\n\t\t<\/div>\n\t\t\t\t\t<\/div>\n\t\t<\/section>\n\t\t\n        \t\t<section class=\"elementor-section elementor-top-section elementor-element elementor-element-7646992 elementor-section-boxed elementor-section-height-default elementor-section-height-default\" data-id=\"7646992\" data-element_type=\"section\">\n\t\t\t\t\t\t<div class=\"elementor-container elementor-column-gap-default\">\n\t\t\t\t\t<div class=\"elementor-column elementor-col-100 elementor-top-column elementor-element elementor-element-9f1cdd6\" data-id=\"9f1cdd6\" data-element_type=\"column\">\n\t\t\t<div class=\"elementor-widget-wrap elementor-element-populated\">\n\t\t\t\t\t\t<div class=\"elementor-element elementor-element-534eca1 elementor-widget elementor-widget-elementskit-contact-form7\" data-id=\"534eca1\" data-element_type=\"widget\" data-widget_type=\"elementskit-contact-form7.default\">\n\t\t\t\t<div class=\"elementor-widget-container\">\n\t\t\t<div class=\"ekit-wid-con\" ><div class=\"ekit-form\">\n<div class=\"wpcf7 no-js\" id=\"wpcf7-f4818-o1\" lang=\"fr-FR\" dir=\"ltr\">\n<div class=\"screen-reader-response\"><p role=\"status\" aria-live=\"polite\" aria-atomic=\"true\"><\/p> <ul><\/ul><\/div>\n<form action=\"\/index.php\/wp-json\/wp\/v2\/pages\/1009#wpcf7-f4818-o1\" method=\"post\" class=\"wpcf7-form init\" aria-label=\"Formulaire de contact\" enctype=\"multipart\/form-data\" novalidate=\"novalidate\" data-status=\"init\">\n<div style=\"display: none;\">\n<input type=\"hidden\" name=\"_wpcf7\" value=\"4818\" \/>\n<input type=\"hidden\" name=\"_wpcf7_version\" value=\"5.8.7\" \/>\n<input type=\"hidden\" name=\"_wpcf7_locale\" value=\"fr_FR\" \/>\n<input type=\"hidden\" name=\"_wpcf7_unit_tag\" value=\"wpcf7-f4818-o1\" \/>\n<input type=\"hidden\" name=\"_wpcf7_container_post\" value=\"0\" \/>\n<input type=\"hidden\" name=\"_wpcf7_posted_data_hash\" value=\"\" \/>\n<\/div>\n<p><label> Civilit\u00e9<br \/>\n<span class=\"wpcf7-form-control-wrap\" data-name=\"civilite\"><select class=\"wpcf7-form-control wpcf7-select\" aria-invalid=\"false\" name=\"civilite\"><option value=\"Mr\">Mr<\/option><option value=\"Mme\">Mme<\/option><option value=\"Mlle\">Mlle<\/option><\/select><\/span> <\/label>\n<\/p>\n<p><label> Pr\u00e9nom et Nom<br \/>\n<span class=\"wpcf7-form-control-wrap\" data-name=\"prenometnom\"><input size=\"40\" class=\"wpcf7-form-control wpcf7-text wpcf7-validates-as-required\" aria-required=\"true\" aria-invalid=\"false\" placeholder=\"Votre prenom et nom\" value=\"\" type=\"text\" name=\"prenometnom\" \/><\/span> <\/label>\n<\/p>\n<p><label> NINEA<br \/>\n<span class=\"wpcf7-form-control-wrap\" data-name=\"NINEA\"><input size=\"40\" class=\"wpcf7-form-control wpcf7-file\" accept=\".jpg,.pdf\" aria-invalid=\"false\" type=\"file\" name=\"NINEA\" \/><\/span> <\/label>\n<\/p>\n<p><label> RCCM<br \/>\n<span class=\"wpcf7-form-control-wrap\" data-name=\"RCCM\"><input size=\"40\" class=\"wpcf7-form-control wpcf7-file\" accept=\".jpg,.pdf\" aria-invalid=\"false\" type=\"file\" name=\"RCCM\" \/><\/span> <\/label>\n<\/p>\n<p><label> Votre E-mail<br \/>\n<span class=\"wpcf7-form-control-wrap\" data-name=\"email\"><input size=\"40\" class=\"wpcf7-form-control wpcf7-email wpcf7-validates-as-required wpcf7-text wpcf7-validates-as-email\" aria-required=\"true\" aria-invalid=\"false\" placeholder=\"infos@seninterim.sn\" value=\"\" type=\"email\" name=\"email\" \/><\/span><\/label>\n<\/p>\n<p><label>Votre T\u00e9l\u00e9phone<br \/>\n<span class=\"wpcf7-form-control-wrap\" data-name=\"tel\"><input size=\"40\" class=\"wpcf7-form-control wpcf7-tel wpcf7-validates-as-required wpcf7-text wpcf7-validates-as-tel\" aria-required=\"true\" aria-invalid=\"false\" placeholder=\"783080707\" value=\"\" type=\"tel\" name=\"tel\" \/><\/span> <\/label>\n<\/p>\n<p><label> Votre Demande<br \/>\n<span class=\"wpcf7-form-control-wrap\" data-name=\"demande\"><textarea cols=\"40\" rows=\"10\" class=\"wpcf7-form-control wpcf7-textarea wpcf7-validates-as-required\" aria-required=\"true\" aria-invalid=\"false\" placeholder=\"Votre Demande\" name=\"demande\"><\/textarea><\/span><\/label>\n<\/p>\n<p><input class=\"wpcf7-form-control wpcf7-submit has-spinner\" type=\"submit\" value=\"Envoyer\" \/>\n<\/p><div class=\"wpcf7-response-output\" aria-hidden=\"true\"><\/div>\n<\/form>\n<\/div>\n<\/div><\/div>\t\t<\/div>\n\t\t\t\t<\/div>\n\t\t\t\t\t<\/div>\n\t\t<\/div>\n\t\t\t\t\t<\/div>\n\t\t<\/section>\n\t\t\n        \t\t<section class=\"elementor-section elementor-top-section elementor-element elementor-element-1b3ad9b2 elementor-hidden-desktop elementor-hidden-tablet elementor-hidden-mobile elementor-section-boxed elementor-section-height-default elementor-section-height-default\" data-id=\"1b3ad9b2\" data-element_type=\"section\">\n\t\t\t\t\t\t<div class=\"elementor-container elementor-column-gap-default\">\n\t\t\t\t\t<div class=\"elementor-column elementor-col-100 elementor-top-column elementor-element elementor-element-36027469\" data-id=\"36027469\" data-element_type=\"column\">\n\t\t\t<div class=\"elementor-widget-wrap elementor-element-populated\">\n\t\t\t\t\t\t<div class=\"elementor-element elementor-element-96a55e0 elementor-widget elementor-widget-shortcode\" data-id=\"96a55e0\" data-element_type=\"widget\" data-widget_type=\"shortcode.default\">\n\t\t\t\t<div class=\"elementor-widget-container\">\n\t\t\t\t\t<div class=\"elementor-shortcode\"><form action=\"\/index.php\/wp-json\/wp\/v2\/pages\/1009\" method=\"post\" id=\"submit-company-form\" class=\"company-manager-form\" enctype=\"multipart\/form-data\">\n\n    \n    \n        \t<fieldset class=\"fieldset-login_required\">\n\t\t<label>Avez-vous d\u00e9j\u00e0 un compte\u00a0?<\/label>\n\t\t<div class=\"field account-sign-in\">\n\t\t\t<a class=\"button\" href=\"https:\/\/seninterim.sn\/wp-login.php?redirect_to=https%3A%2F%2Fseninterim.sn%2Findex.php%2Fsubmit-company%2F\">Connectez-vous<\/a>\n\n\t\t\t\n\t\t\t\tSi vous n\u2019avez pas encore de compte vous pouvez en cr\u00e9er un ci-dessous en saisissant votre adresse e-mail ou identifiant.\t\t\t\t\t\t\t\t\tLes d\u00e9tails de votre compte seront confirm\u00e9s par e-mail.\t\t\t\t\n\t\t\t\t\t<\/div>\n\t<\/fieldset>\n\t\t\t\t<fieldset class=\"fieldset-create_account_email\">\n\t\t\t\t<label\n\t\t\t\t\tfor=\"create_account_email\">Votre adresse e-mail<\/label>\n\t\t\t\t<div class=\"field required-field draft-required\">\n\t\t\t\t\t<input type=\"text\" class=\"jmfe-text-field jmfe-input-text input-text text-create_account_email\" name=\"create_account_email\" id=\"create_account_email\" title=\"\"  placeholder=\"you@yourdomain.com\" value=\"\"  required \/>\n\t\t\t\t<\/div>\n\t\t\t<\/fieldset>\n\t\t\t\n    \n    \n        <!-- Company Fields -->\n        \n                    <fieldset class=\"fieldset-company_name fieldset-type-text\">\n                <label for=\"company_name\">Company name<\/label>\n                <div class=\"field\">\n                    <input type=\"text\" class=\"jmfe-text-field jmfe-input-text input-text text-company_name\" name=\"company_name\" id=\"company_name\" title=\"\"  placeholder=\"Company full name\" value=\"\"  required \/>\n                <\/div>\n            <\/fieldset>\n                    <fieldset class=\"fieldset-company_tagline fieldset-type-text\">\n                <label for=\"company_tagline\">Company Tagline <small>(optional)<\/small><\/label>\n                <div class=\"field\">\n                    <input type=\"text\" class=\"jmfe-text-field jmfe-input-text input-text text-company_tagline\" name=\"company_tagline\" id=\"company_tagline\" title=\"\"  placeholder=\"Company tagline\" value=\"\"   \/>\n                <\/div>\n            <\/fieldset>\n                    <fieldset class=\"fieldset-company_location fieldset-type-text\">\n                <label for=\"company_location\">Headquarters <small>(optional)<\/small><\/label>\n                <div class=\"field\">\n                    <input type=\"text\" class=\"jmfe-text-field jmfe-input-text input-text text-company_location\" name=\"company_location\" id=\"company_location\" title=\"\"  placeholder=\"e.g. &quot;London&quot;\" value=\"\"   \/>\n<small class=\"description text-company_location-description\">Leave this blank if the headquarters location is not important<\/small>                <\/div>\n            <\/fieldset>\n                    <fieldset class=\"fieldset-company_logo fieldset-type-file\">\n                <label for=\"company_logo\">Company Logo <small>(optional)<\/small><\/label>\n                <div class=\"field\">\n                    \n<div class=\"job-manager-uploaded-files\">\n\t<\/div>\n<input type=\"file\" class=\"input-text file-company_logo\" data-file_types=\"jpg|jpeg|gif|png\"  name=\"company_logo\" id=\"company_logo\" placeholder=\"\" \/>\n<small class=\"description\">\n\t\t\t\t\tMaximum file size: 128 Mo.\t\t\t<\/small>\n                <\/div>\n            <\/fieldset>\n                    <fieldset class=\"fieldset-company_promo_banner fieldset-type-file\">\n                <label for=\"company_promo_banner\">Company Promo Banner <small>(optional)<\/small><\/label>\n                <div class=\"field\">\n                    \n<div class=\"job-manager-uploaded-files\">\n\t<\/div>\n<input type=\"file\" class=\"input-text file-company_promo_banner\" data-file_types=\"jpg|jpeg|gif|png\"  name=\"company_promo_banner\" id=\"company_promo_banner\" placeholder=\"\" \/>\n<small class=\"description\">\n\t\t\t\t\tMaximum file size: 128 Mo.\t\t\t<\/small>\n                <\/div>\n            <\/fieldset>\n                    <fieldset class=\"fieldset-company_video fieldset-type-text\">\n                <label for=\"company_video\">Video <small>(optional)<\/small><\/label>\n                <div class=\"field\">\n                    <input type=\"text\" class=\"jmfe-text-field jmfe-input-text input-text text-company_video\" name=\"company_video\" id=\"company_video\" title=\"\"  placeholder=\"A link to a video about yourself\" value=\"\"   \/>\n                <\/div>\n            <\/fieldset>\n                    <fieldset class=\"fieldset-company_since fieldset-type-date\">\n                <label for=\"company_since\">Since <small>(optional)<\/small><\/label>\n                <div class=\"field\">\n                    <input type=\"text\" id=\"company_since\" class=\"jmfe-date-field jmfe-input-date input-date input-text jmfe-date-picker date-picker-company_since\" name=\"company_since\" placeholder=\"Established date\/year\" value=\"\" maxlength=\"\" \/>\n                <\/div>\n            <\/fieldset>\n                    <fieldset class=\"fieldset-company_website fieldset-type-text\">\n                <label for=\"company_website\">Company Website <small>(optional)<\/small><\/label>\n                <div class=\"field\">\n                    <input type=\"text\" class=\"jmfe-text-field jmfe-input-text input-text text-company_website\" name=\"company_website\" id=\"company_website\" title=\"\"  placeholder=\"Company website\" value=\"\"   \/>\n                <\/div>\n            <\/fieldset>\n                    <fieldset class=\"fieldset-company_email fieldset-type-text\">\n                <label for=\"company_email\">Email <small>(optional)<\/small><\/label>\n                <div class=\"field\">\n                    <input type=\"text\" class=\"jmfe-text-field jmfe-input-text input-text text-company_email\" name=\"company_email\" id=\"company_email\" title=\"\"  placeholder=\"you@yourdomain.com\" value=\"\"   \/>\n                <\/div>\n            <\/fieldset>\n                    <fieldset class=\"fieldset-company_phone fieldset-type-text\">\n                <label for=\"company_phone\">Phone <small>(optional)<\/small><\/label>\n                <div class=\"field\">\n                    <input type=\"text\" class=\"jmfe-text-field jmfe-input-text input-text text-company_phone\" name=\"company_phone\" id=\"company_phone\" title=\"\"  placeholder=\"Phone Number\" value=\"\"   \/>\n                <\/div>\n            <\/fieldset>\n                    <fieldset class=\"fieldset-company_twitter fieldset-type-text\">\n                <label for=\"company_twitter\">Twitter <small>(optional)<\/small><\/label>\n                <div class=\"field\">\n                    <input type=\"text\" class=\"jmfe-text-field jmfe-input-text input-text text-company_twitter\" name=\"company_twitter\" id=\"company_twitter\" title=\"\"  placeholder=\"Twitter page url\" value=\"\"   \/>\n                <\/div>\n            <\/fieldset>\n                    <fieldset class=\"fieldset-company_facebook fieldset-type-text\">\n                <label for=\"company_facebook\">Facebook <small>(optional)<\/small><\/label>\n                <div class=\"field\">\n                    <input type=\"text\" class=\"jmfe-text-field jmfe-input-text input-text text-company_facebook\" name=\"company_facebook\" id=\"company_facebook\" title=\"\"  placeholder=\"Facebook page url\" value=\"\"   \/>\n                <\/div>\n            <\/fieldset>\n                    <fieldset class=\"fieldset-company_category fieldset-type-term-select\">\n                <label for=\"company_category\">Industry <small>(optional)<\/small><\/label>\n                <div class=\"field\">\n                    <select  name='company_category' id='company_category' class='job-manager-category-dropdown jmfe-chosen-select-field'>\n\t<option value='' selected='selected'>&#8211;<\/option>\n\t<option class=\"level-0\" value=\"38\">D\u00e9veloppement de logiciels<\/option>\n<\/select>\n                <\/div>\n            <\/fieldset>\n                    <fieldset class=\"fieldset-company_strength fieldset-type-term-select\">\n                <label for=\"company_strength\">Employer Strength <small>(optional)<\/small><\/label>\n                <div class=\"field\">\n                    <select  name='company_strength' id='company_strength' class='job-manager-category-dropdown jmfe-chosen-select-field'>\n\t<option value='' selected='selected'>&#8211;<\/option>\n\t<option class=\"level-0\" value=\"22\">100 &#8211; 300<\/option>\n<\/select>\n                <\/div>\n            <\/fieldset>\n                    <fieldset class=\"fieldset-company_average_salary fieldset-type-term-select\">\n                <label for=\"company_average_salary\">Average Salary <small>(optional)<\/small><\/label>\n                <div class=\"field\">\n                    <select  name='company_average_salary' id='company_average_salary' class='job-manager-category-dropdown jmfe-chosen-select-field'>\n\t<option value='' selected='selected'>&#8211;<\/option>\n<\/select>\n                <\/div>\n            <\/fieldset>\n                    <fieldset class=\"fieldset-company_revenue fieldset-type-term-select\">\n                <label for=\"company_revenue\">Company Revenue <small>(optional)<\/small><\/label>\n                <div class=\"field\">\n                    <select  name='company_revenue' id='company_revenue' class='job-manager-category-dropdown jmfe-chosen-select-field'>\n\t<option value='' selected='selected'>&#8211;<\/option>\n\t<option class=\"level-0\" value=\"24\">800k\/y<\/option>\n<\/select>\n                <\/div>\n            <\/fieldset>\n                    <fieldset class=\"fieldset-company_excerpt fieldset-type-textarea\">\n                <label for=\"company_excerpt\">Short Description <small>(optional)<\/small><\/label>\n                <div class=\"field\">\n                    <textarea cols=\"20\" rows=\"3\" class=\"input-text\" name=\"company_excerpt\" id=\"company_excerpt\" placeholder=\"\" maxlength=\"\" ><\/textarea>\n                <\/div>\n            <\/fieldset>\n                    <fieldset class=\"fieldset-company_content fieldset-type-wp-editor\">\n                <label for=\"company_content\">Company Content <small>(optional)<\/small><\/label>\n                <div class=\"field\">\n                    <div id=\"wp-company_content-wrap\" class=\"wp-core-ui wp-editor-wrap tmce-active\"><link rel='stylesheet' id='dashicons-css' href='https:\/\/seninterim.sn\/wp-includes\/css\/dashicons.min.css?ver=6.8.3' media='all' \/>\n<link rel='stylesheet' id='editor-buttons-css' href='https:\/\/seninterim.sn\/wp-includes\/css\/editor.min.css?ver=6.8.3' media='all' \/>\n<div id=\"wp-company_content-editor-container\" class=\"wp-editor-container\"><textarea class=\"wp-editor-area\" rows=\"8\" autocomplete=\"off\" cols=\"40\" name=\"company_content\" id=\"company_content\"><\/textarea><\/div>\n<\/div>\n\n                <\/div>\n            <\/fieldset>\n        \n        \n        <p>\n            <input type=\"hidden\" id=\"_wpnonce\" name=\"_wpnonce\" value=\"757c228234\" \/><input type=\"hidden\" name=\"_wp_http_referer\" value=\"\/index.php\/wp-json\/wp\/v2\/pages\/1009\" \/>            <input type=\"hidden\" name=\"company_manager_form\" value=\"submit-company\" \/>\n            <input type=\"hidden\" name=\"company_id\" value=\"0\" \/>\n            <input type=\"hidden\" name=\"step\" value=\"0\" \/>\n            <input type=\"submit\" name=\"submit_company\" class=\"button\" value=\"Preview &rarr;\" \/>\n        <\/p>\n\n    \n    <\/form>\n<\/div>\n\t\t\t\t<\/div>\n\t\t\t\t<\/div>\n\t\t\t\t\t<\/div>\n\t\t<\/div>\n\t\t\t\t\t<\/div>\n\t\t<\/section>\n\t\t\n        \t\t<\/div>\n\t\t\n    <div class=\"xs_social_share_widget xs_share_url after_content \t\tmain_content  wslu-style-1 wslu-share-box-shaped wslu-fill-colored wslu-none wslu-share-horizontal wslu-theme-font-no wslu-main_content\">\n\n\t\t\n        <ul>\n\t\t\t        <\/ul>\n    <\/div> \n","protected":false},"excerpt":{"rendered":"<p>Remplissez le formulaire Civilit\u00e9 MrMmeMlle Pr\u00e9nom et Nom NINEA RCCM Votre E-mail Votre T\u00e9l\u00e9phone Votre Demande<\/p>\n","protected":false},"author":1,"featured_media":0,"parent":0,"menu_order":0,"comment_status":"closed","ping_status":"closed","template":"","meta":{"footnotes":""},"class_list":["post-1009","page","type-page","status-publish","hentry"],"yoast_head":"<!-- This site is optimized with the Yoast SEO plugin v22.0 - https:\/\/yoast.com\/wordpress\/plugins\/seo\/ -->\n<title>Submit Company - Sen Interim<\/title>\n<meta name=\"robots\" content=\"index, follow, max-snippet:-1, max-image-preview:large, max-video-preview:-1\" \/>\n<link rel=\"canonical\" href=\"https:\/\/seninterim.sn\/index.php\/submit-company\/\" \/>\n<meta property=\"og:locale\" content=\"fr_FR\" \/>\n<meta property=\"og:type\" content=\"article\" \/>\n<meta property=\"og:title\" content=\"Submit Company - Sen Interim\" \/>\n<meta property=\"og:description\" content=\"Remplissez le formulaire Civilit\u00e9 MrMmeMlle Pr\u00e9nom et Nom NINEA RCCM Votre E-mail Votre T\u00e9l\u00e9phone Votre Demande\" \/>\n<meta property=\"og:url\" content=\"https:\/\/seninterim.sn\/index.php\/submit-company\/\" \/>\n<meta property=\"og:site_name\" content=\"Sen Interim\" \/>\n<meta property=\"article:publisher\" content=\"https:\/\/www.facebook.com\/Senegalinterimaire\" \/>\n<meta property=\"article:modified_time\" content=\"2022-08-23T10:36:26+00:00\" \/>\n<meta name=\"twitter:card\" content=\"summary_large_image\" \/>\n<meta name=\"twitter:site\" content=\"@sen_interim\" \/>\n<meta name=\"twitter:label1\" content=\"Dur\u00e9e de lecture estim\u00e9e\" \/>\n\t<meta name=\"twitter:data1\" content=\"1 minute\" \/>\n<script type=\"application\/ld+json\" class=\"yoast-schema-graph\">{\"@context\":\"https:\/\/schema.org\",\"@graph\":[{\"@type\":\"WebPage\",\"@id\":\"https:\/\/seninterim.sn\/index.php\/submit-company\/\",\"url\":\"https:\/\/seninterim.sn\/index.php\/submit-company\/\",\"name\":\"Submit Company - Sen Interim\",\"isPartOf\":{\"@id\":\"https:\/\/seninterim.sn\/#website\"},\"datePublished\":\"2021-03-08T11:22:57+00:00\",\"dateModified\":\"2022-08-23T10:36:26+00:00\",\"breadcrumb\":{\"@id\":\"https:\/\/seninterim.sn\/index.php\/submit-company\/#breadcrumb\"},\"inLanguage\":\"fr-FR\",\"potentialAction\":[{\"@type\":\"ReadAction\",\"target\":[\"https:\/\/seninterim.sn\/index.php\/submit-company\/\"]}]},{\"@type\":\"BreadcrumbList\",\"@id\":\"https:\/\/seninterim.sn\/index.php\/submit-company\/#breadcrumb\",\"itemListElement\":[{\"@type\":\"ListItem\",\"position\":1,\"name\":\"Home\",\"item\":\"https:\/\/seninterim.sn\/\"},{\"@type\":\"ListItem\",\"position\":2,\"name\":\"Submit Company\"}]},{\"@type\":\"WebSite\",\"@id\":\"https:\/\/seninterim.sn\/#website\",\"url\":\"https:\/\/seninterim.sn\/\",\"name\":\"Sen Interim\",\"description\":\"Recruter est un plaisir\",\"publisher\":{\"@id\":\"https:\/\/seninterim.sn\/#organization\"},\"potentialAction\":[{\"@type\":\"SearchAction\",\"target\":{\"@type\":\"EntryPoint\",\"urlTemplate\":\"https:\/\/seninterim.sn\/?s={search_term_string}\"},\"query-input\":\"required name=search_term_string\"}],\"inLanguage\":\"fr-FR\"},{\"@type\":\"Organization\",\"@id\":\"https:\/\/seninterim.sn\/#organization\",\"name\":\"Sen Interim\",\"url\":\"https:\/\/seninterim.sn\/\",\"logo\":{\"@type\":\"ImageObject\",\"inLanguage\":\"fr-FR\",\"@id\":\"https:\/\/seninterim.sn\/#\/schema\/logo\/image\/\",\"url\":\"https:\/\/seninterim.sn\/wp-content\/uploads\/2022\/07\/cropped-cropped-telechargement-removebg-preview.png\",\"contentUrl\":\"https:\/\/seninterim.sn\/wp-content\/uploads\/2022\/07\/cropped-cropped-telechargement-removebg-preview.png\",\"width\":100,\"height\":100,\"caption\":\"Sen Interim\"},\"image\":{\"@id\":\"https:\/\/seninterim.sn\/#\/schema\/logo\/image\/\"},\"sameAs\":[\"https:\/\/www.facebook.com\/Senegalinterimaire\",\"https:\/\/twitter.com\/sen_interim\"]}]}<\/script>\n<!-- \/ Yoast SEO plugin. -->","yoast_head_json":{"title":"Submit Company - Sen Interim","robots":{"index":"index","follow":"follow","max-snippet":"max-snippet:-1","max-image-preview":"max-image-preview:large","max-video-preview":"max-video-preview:-1"},"canonical":"https:\/\/seninterim.sn\/index.php\/submit-company\/","og_locale":"fr_FR","og_type":"article","og_title":"Submit Company - Sen Interim","og_description":"Remplissez le formulaire Civilit\u00e9 MrMmeMlle Pr\u00e9nom et Nom NINEA RCCM Votre E-mail Votre T\u00e9l\u00e9phone Votre Demande","og_url":"https:\/\/seninterim.sn\/index.php\/submit-company\/","og_site_name":"Sen Interim","article_publisher":"https:\/\/www.facebook.com\/Senegalinterimaire","article_modified_time":"2022-08-23T10:36:26+00:00","twitter_card":"summary_large_image","twitter_site":"@sen_interim","twitter_misc":{"Dur\u00e9e de lecture estim\u00e9e":"1 minute"},"schema":{"@context":"https:\/\/schema.org","@graph":[{"@type":"WebPage","@id":"https:\/\/seninterim.sn\/index.php\/submit-company\/","url":"https:\/\/seninterim.sn\/index.php\/submit-company\/","name":"Submit Company - Sen Interim","isPartOf":{"@id":"https:\/\/seninterim.sn\/#website"},"datePublished":"2021-03-08T11:22:57+00:00","dateModified":"2022-08-23T10:36:26+00:00","breadcrumb":{"@id":"https:\/\/seninterim.sn\/index.php\/submit-company\/#breadcrumb"},"inLanguage":"fr-FR","potentialAction":[{"@type":"ReadAction","target":["https:\/\/seninterim.sn\/index.php\/submit-company\/"]}]},{"@type":"BreadcrumbList","@id":"https:\/\/seninterim.sn\/index.php\/submit-company\/#breadcrumb","itemListElement":[{"@type":"ListItem","position":1,"name":"Home","item":"https:\/\/seninterim.sn\/"},{"@type":"ListItem","position":2,"name":"Submit Company"}]},{"@type":"WebSite","@id":"https:\/\/seninterim.sn\/#website","url":"https:\/\/seninterim.sn\/","name":"Sen Interim","description":"Recruter est un plaisir","publisher":{"@id":"https:\/\/seninterim.sn\/#organization"},"potentialAction":[{"@type":"SearchAction","target":{"@type":"EntryPoint","urlTemplate":"https:\/\/seninterim.sn\/?s={search_term_string}"},"query-input":"required name=search_term_string"}],"inLanguage":"fr-FR"},{"@type":"Organization","@id":"https:\/\/seninterim.sn\/#organization","name":"Sen Interim","url":"https:\/\/seninterim.sn\/","logo":{"@type":"ImageObject","inLanguage":"fr-FR","@id":"https:\/\/seninterim.sn\/#\/schema\/logo\/image\/","url":"https:\/\/seninterim.sn\/wp-content\/uploads\/2022\/07\/cropped-cropped-telechargement-removebg-preview.png","contentUrl":"https:\/\/seninterim.sn\/wp-content\/uploads\/2022\/07\/cropped-cropped-telechargement-removebg-preview.png","width":100,"height":100,"caption":"Sen Interim"},"image":{"@id":"https:\/\/seninterim.sn\/#\/schema\/logo\/image\/"},"sameAs":["https:\/\/www.facebook.com\/Senegalinterimaire","https:\/\/twitter.com\/sen_interim"]}]}},"_links":{"self":[{"href":"https:\/\/seninterim.sn\/index.php\/wp-json\/wp\/v2\/pages\/1009","targetHints":{"allow":["GET"]}}],"collection":[{"href":"https:\/\/seninterim.sn\/index.php\/wp-json\/wp\/v2\/pages"}],"about":[{"href":"https:\/\/seninterim.sn\/index.php\/wp-json\/wp\/v2\/types\/page"}],"author":[{"embeddable":true,"href":"https:\/\/seninterim.sn\/index.php\/wp-json\/wp\/v2\/users\/1"}],"replies":[{"embeddable":true,"href":"https:\/\/seninterim.sn\/index.php\/wp-json\/wp\/v2\/comments?post=1009"}],"version-history":[{"count":16,"href":"https:\/\/seninterim.sn\/index.php\/wp-json\/wp\/v2\/pages\/1009\/revisions"}],"predecessor-version":[{"id":5096,"href":"https:\/\/seninterim.sn\/index.php\/wp-json\/wp\/v2\/pages\/1009\/revisions\/5096"}],"wp:attachment":[{"href":"https:\/\/seninterim.sn\/index.php\/wp-json\/wp\/v2\/media?parent=1009"}],"curies":[{"name":"wp","href":"https:\/\/api.w.org\/{rel}","templated":true}]}}