{"id":1004,"date":"2021-03-02T14:53:44","date_gmt":"2021-03-02T14:53:44","guid":{"rendered":"https:\/\/rekroot.themes.zone\/?page_id=1004"},"modified":"2022-07-20T01:46:23","modified_gmt":"2022-07-19T23:46:23","slug":"jobs-default","status":"publish","type":"page","link":"https:\/\/seninterim.sn\/index.php\/jobs-default\/","title":{"rendered":"Jobs default"},"content":{"rendered":"\t\t<div data-elementor-type=\"wp-page\" data-elementor-id=\"1004\" class=\"elementor elementor-1004\">\n\t\t\t\t\t\t<section class=\"elementor-section elementor-top-section elementor-element elementor-element-ade350b elementor-section-boxed elementor-section-height-default elementor-section-height-default\" data-id=\"ade350b\" data-element_type=\"section\">\n\t\t\t\t\t\t<div class=\"elementor-container elementor-column-gap-default\">\n\t\t\t\t\t<div class=\"elementor-column elementor-col-100 elementor-top-column elementor-element elementor-element-434fb61\" data-id=\"434fb61\" data-element_type=\"column\">\n\t\t\t<div class=\"elementor-widget-wrap elementor-element-populated\">\n\t\t\t\t\t\t<div class=\"elementor-element elementor-element-17d59a5 elementor-widget elementor-widget-shortcode\" data-id=\"17d59a5\" data-element_type=\"widget\" data-widget_type=\"shortcode.default\">\n\t\t\t\t<div class=\"elementor-widget-container\">\n\t\t\t\t\t<div class=\"elementor-shortcode\"><div class=\"job_listings\" data-location=\"\" data-keywords=\"\" data-show_filters=\"true\" data-show_pagination=\"false\" data-per_page=\"9\" data-orderby=\"featured\" data-order=\"DESC\" data-categories=\"\" data-disable-form-state-storage=\"\" data-featured_first=\"false\" data-post_id=\"1004\" >\n<form class=\"job_filters\">\n\t\n\t<div class=\"search_jobs\">\n\t\t\n\t\t<div class=\"search_keywords\">\n\t\t\t<label for=\"search_keywords\">Mots-cl\u00e9s<\/label>\n\t\t\t<input type=\"text\" name=\"search_keywords\" id=\"search_keywords\" placeholder=\"Mots-cl\u00e9s\" value=\"\" \/>\n\t\t<\/div>\n\n\t\t<div class=\"search_location\">\n\t\t\t<label for=\"search_location\">Localisation<\/label>\n\t\t\t<input type=\"text\" name=\"search_location\" id=\"search_location\" placeholder=\"Localisation\" value=\"\" \/>\n\t\t<\/div>\n\n\t\t\t\t\t<div class=\"search_remote_position\">\n\t\t\t\t<input type=\"checkbox\" class=\"input-checkbox\" name=\"remote_position\" id=\"remote_position\" placeholder=\"Localisation\" value=\"1\"  \/>\n\t\t\t\t<label for=\"remote_position\" id=\"remote_position_label\">Postes en t\u00e9l\u00e9travail uniquement<\/label>\n\t\t\t<\/div>\n\t\t\n\t\t<div style=\"clear: both\"><\/div>\n\n\t\t\n\t\t\t\t\t<div class=\"search_submit\">\n\t\t\t\t<input type=\"submit\" value=\"Rechercher des offres d\u2019emploi\">\n\t\t\t<\/div>\n\t\t\n\t\t\t<\/div>\n\n\t    <ul class=\"job_types\">\n                    <li><label for=\"job_type_freelance\" class=\"freelance\"><input type=\"checkbox\" name=\"filter_job_type[]\" value=\"freelance\"  checked='checked' id=\"job_type_freelance\" \/> <span>Freelance<\/span><\/label><\/li>\n                    <li><label for=\"job_type_internship\" class=\"interimaire\"><input type=\"checkbox\" name=\"filter_job_type[]\" value=\"internship\"  checked='checked' id=\"job_type_internship\" \/> <span>Int\u00e9rimaire<\/span><\/label><\/li>\n                    <li><label for=\"job_type_full-time\" class=\"plein-temps\"><input type=\"checkbox\" name=\"filter_job_type[]\" value=\"full-time\"  checked='checked' id=\"job_type_full-time\" \/> <span>Plein Temps<\/span><\/label><\/li>\n                    <li><label for=\"job_type_temporary\" class=\"temporaire\"><input type=\"checkbox\" name=\"filter_job_type[]\" value=\"temporary\"  checked='checked' id=\"job_type_temporary\" \/> <span>Temporaire<\/span><\/label><\/li>\n                    <li><label for=\"job_type_part-time\" class=\"temps-partiel\"><input type=\"checkbox\" name=\"filter_job_type[]\" value=\"part-time\"  checked='checked' id=\"job_type_part-time\" \/> <span>Temps partiel<\/span><\/label><\/li>\n            <\/ul>\n    <input type=\"hidden\" name=\"filter_job_type[]\" value=\"\" \/>\n<div class=\"showing_jobs\"><\/div><\/form>\n\n\n<noscript>Votre navigateur ne supporte pas JavaScript, ou bien JavaScript est d\u00e9sactiv\u00e9. JavaScript doit \u00eatre activ\u00e9 pour pouvoir visualiser des postes.<\/noscript>\n<ul class=\"job_listings\">\n<\/ul>\n<a class=\"load_more_jobs\" href=\"#\" style=\"display:none;\"><strong>Afficher plus d\u2019offres<\/strong><\/a><\/div><\/div>\n\t\t\t\t<\/div>\n\t\t\t\t<\/div>\n\t\t\t\t\t<\/div>\n\t\t<\/div>\n\t\t\t\t\t<\/div>\n\t\t<\/section>\n\t\t\n        \t\t<\/div>\n\t\t\n    <div class=\"xs_social_share_widget xs_share_url after_content \t\tmain_content  wslu-style-1 wslu-share-box-shaped wslu-fill-colored wslu-none wslu-share-horizontal wslu-theme-font-no wslu-main_content\">\n\n\t\t\n        <ul>\n\t\t\t        <\/ul>\n    <\/div> \n","protected":false},"excerpt":{"rendered":"","protected":false},"author":1,"featured_media":0,"parent":0,"menu_order":0,"comment_status":"closed","ping_status":"closed","template":"","meta":{"footnotes":""},"class_list":["post-1004","page","type-page","status-publish","hentry"],"yoast_head":"<!-- This site is optimized with the Yoast SEO plugin v22.0 - https:\/\/yoast.com\/wordpress\/plugins\/seo\/ -->\n<title>Jobs default - Sen Interim<\/title>\n<meta name=\"robots\" content=\"index, follow, max-snippet:-1, max-image-preview:large, max-video-preview:-1\" \/>\n<link rel=\"canonical\" href=\"https:\/\/seninterim.sn\/index.php\/jobs-default\/\" \/>\n<meta property=\"og:locale\" content=\"fr_FR\" \/>\n<meta property=\"og:type\" content=\"article\" \/>\n<meta property=\"og:title\" content=\"Jobs default - Sen Interim\" \/>\n<meta property=\"og:url\" content=\"https:\/\/seninterim.sn\/index.php\/jobs-default\/\" \/>\n<meta property=\"og:site_name\" content=\"Sen Interim\" \/>\n<meta property=\"article:publisher\" content=\"https:\/\/www.facebook.com\/Senegalinterimaire\" \/>\n<meta property=\"article:modified_time\" content=\"2022-07-19T23:46:23+00:00\" \/>\n<meta name=\"twitter:card\" content=\"summary_large_image\" \/>\n<meta name=\"twitter:site\" content=\"@sen_interim\" \/>\n<meta name=\"twitter:label1\" content=\"Dur\u00e9e de lecture estim\u00e9e\" \/>\n\t<meta name=\"twitter:data1\" content=\"1 minute\" \/>\n<script type=\"application\/ld+json\" class=\"yoast-schema-graph\">{\"@context\":\"https:\/\/schema.org\",\"@graph\":[{\"@type\":\"WebPage\",\"@id\":\"https:\/\/seninterim.sn\/index.php\/jobs-default\/\",\"url\":\"https:\/\/seninterim.sn\/index.php\/jobs-default\/\",\"name\":\"Jobs default - Sen Interim\",\"isPartOf\":{\"@id\":\"https:\/\/seninterim.sn\/#website\"},\"datePublished\":\"2021-03-02T14:53:44+00:00\",\"dateModified\":\"2022-07-19T23:46:23+00:00\",\"breadcrumb\":{\"@id\":\"https:\/\/seninterim.sn\/index.php\/jobs-default\/#breadcrumb\"},\"inLanguage\":\"fr-FR\",\"potentialAction\":[{\"@type\":\"ReadAction\",\"target\":[\"https:\/\/seninterim.sn\/index.php\/jobs-default\/\"]}]},{\"@type\":\"BreadcrumbList\",\"@id\":\"https:\/\/seninterim.sn\/index.php\/jobs-default\/#breadcrumb\",\"itemListElement\":[{\"@type\":\"ListItem\",\"position\":1,\"name\":\"Home\",\"item\":\"https:\/\/seninterim.sn\/\"},{\"@type\":\"ListItem\",\"position\":2,\"name\":\"Jobs default\"}]},{\"@type\":\"WebSite\",\"@id\":\"https:\/\/seninterim.sn\/#website\",\"url\":\"https:\/\/seninterim.sn\/\",\"name\":\"Sen Interim\",\"description\":\"Recruter est un plaisir\",\"publisher\":{\"@id\":\"https:\/\/seninterim.sn\/#organization\"},\"potentialAction\":[{\"@type\":\"SearchAction\",\"target\":{\"@type\":\"EntryPoint\",\"urlTemplate\":\"https:\/\/seninterim.sn\/?s={search_term_string}\"},\"query-input\":\"required name=search_term_string\"}],\"inLanguage\":\"fr-FR\"},{\"@type\":\"Organization\",\"@id\":\"https:\/\/seninterim.sn\/#organization\",\"name\":\"Sen Interim\",\"url\":\"https:\/\/seninterim.sn\/\",\"logo\":{\"@type\":\"ImageObject\",\"inLanguage\":\"fr-FR\",\"@id\":\"https:\/\/seninterim.sn\/#\/schema\/logo\/image\/\",\"url\":\"https:\/\/seninterim.sn\/wp-content\/uploads\/2022\/07\/cropped-cropped-telechargement-removebg-preview.png\",\"contentUrl\":\"https:\/\/seninterim.sn\/wp-content\/uploads\/2022\/07\/cropped-cropped-telechargement-removebg-preview.png\",\"width\":100,\"height\":100,\"caption\":\"Sen Interim\"},\"image\":{\"@id\":\"https:\/\/seninterim.sn\/#\/schema\/logo\/image\/\"},\"sameAs\":[\"https:\/\/www.facebook.com\/Senegalinterimaire\",\"https:\/\/twitter.com\/sen_interim\"]}]}<\/script>\n<!-- \/ Yoast SEO plugin. -->","yoast_head_json":{"title":"Jobs default - Sen Interim","robots":{"index":"index","follow":"follow","max-snippet":"max-snippet:-1","max-image-preview":"max-image-preview:large","max-video-preview":"max-video-preview:-1"},"canonical":"https:\/\/seninterim.sn\/index.php\/jobs-default\/","og_locale":"fr_FR","og_type":"article","og_title":"Jobs default - Sen Interim","og_url":"https:\/\/seninterim.sn\/index.php\/jobs-default\/","og_site_name":"Sen Interim","article_publisher":"https:\/\/www.facebook.com\/Senegalinterimaire","article_modified_time":"2022-07-19T23:46:23+00:00","twitter_card":"summary_large_image","twitter_site":"@sen_interim","twitter_misc":{"Dur\u00e9e de lecture estim\u00e9e":"1 minute"},"schema":{"@context":"https:\/\/schema.org","@graph":[{"@type":"WebPage","@id":"https:\/\/seninterim.sn\/index.php\/jobs-default\/","url":"https:\/\/seninterim.sn\/index.php\/jobs-default\/","name":"Jobs default - Sen Interim","isPartOf":{"@id":"https:\/\/seninterim.sn\/#website"},"datePublished":"2021-03-02T14:53:44+00:00","dateModified":"2022-07-19T23:46:23+00:00","breadcrumb":{"@id":"https:\/\/seninterim.sn\/index.php\/jobs-default\/#breadcrumb"},"inLanguage":"fr-FR","potentialAction":[{"@type":"ReadAction","target":["https:\/\/seninterim.sn\/index.php\/jobs-default\/"]}]},{"@type":"BreadcrumbList","@id":"https:\/\/seninterim.sn\/index.php\/jobs-default\/#breadcrumb","itemListElement":[{"@type":"ListItem","position":1,"name":"Home","item":"https:\/\/seninterim.sn\/"},{"@type":"ListItem","position":2,"name":"Jobs default"}]},{"@type":"WebSite","@id":"https:\/\/seninterim.sn\/#website","url":"https:\/\/seninterim.sn\/","name":"Sen Interim","description":"Recruter est un plaisir","publisher":{"@id":"https:\/\/seninterim.sn\/#organization"},"potentialAction":[{"@type":"SearchAction","target":{"@type":"EntryPoint","urlTemplate":"https:\/\/seninterim.sn\/?s={search_term_string}"},"query-input":"required name=search_term_string"}],"inLanguage":"fr-FR"},{"@type":"Organization","@id":"https:\/\/seninterim.sn\/#organization","name":"Sen Interim","url":"https:\/\/seninterim.sn\/","logo":{"@type":"ImageObject","inLanguage":"fr-FR","@id":"https:\/\/seninterim.sn\/#\/schema\/logo\/image\/","url":"https:\/\/seninterim.sn\/wp-content\/uploads\/2022\/07\/cropped-cropped-telechargement-removebg-preview.png","contentUrl":"https:\/\/seninterim.sn\/wp-content\/uploads\/2022\/07\/cropped-cropped-telechargement-removebg-preview.png","width":100,"height":100,"caption":"Sen Interim"},"image":{"@id":"https:\/\/seninterim.sn\/#\/schema\/logo\/image\/"},"sameAs":["https:\/\/www.facebook.com\/Senegalinterimaire","https:\/\/twitter.com\/sen_interim"]}]}},"_links":{"self":[{"href":"https:\/\/seninterim.sn\/index.php\/wp-json\/wp\/v2\/pages\/1004","targetHints":{"allow":["GET"]}}],"collection":[{"href":"https:\/\/seninterim.sn\/index.php\/wp-json\/wp\/v2\/pages"}],"about":[{"href":"https:\/\/seninterim.sn\/index.php\/wp-json\/wp\/v2\/types\/page"}],"author":[{"embeddable":true,"href":"https:\/\/seninterim.sn\/index.php\/wp-json\/wp\/v2\/users\/1"}],"replies":[{"embeddable":true,"href":"https:\/\/seninterim.sn\/index.php\/wp-json\/wp\/v2\/comments?post=1004"}],"version-history":[{"count":3,"href":"https:\/\/seninterim.sn\/index.php\/wp-json\/wp\/v2\/pages\/1004\/revisions"}],"predecessor-version":[{"id":4328,"href":"https:\/\/seninterim.sn\/index.php\/wp-json\/wp\/v2\/pages\/1004\/revisions\/4328"}],"wp:attachment":[{"href":"https:\/\/seninterim.sn\/index.php\/wp-json\/wp\/v2\/media?parent=1004"}],"curies":[{"name":"wp","href":"https:\/\/api.w.org\/{rel}","templated":true}]}}